{"id":142,"date":"2023-06-23T22:08:28","date_gmt":"2023-06-23T22:08:28","guid":{"rendered":"https:\/\/www.prvnidve.cz\/?page_id=142"},"modified":"2025-11-30T12:12:50","modified_gmt":"2025-11-30T12:12:50","slug":"vybaveni-chatek","status":"publish","type":"page","link":"https:\/\/www.prvnidve.cz\/?page_id=142","title":{"rendered":"Vybaven\u00ed chatek"},"content":{"rendered":"\t\t<div data-elementor-type=\"wp-page\" data-elementor-id=\"142\" class=\"elementor elementor-142\">\n\t\t\t\t\t\t\t\t\t<section class=\"elementor-section elementor-top-section elementor-element elementor-element-e6140a4 elementor-section-boxed elementor-section-height-default elementor-section-height-default\" data-id=\"e6140a4\" data-element_type=\"section\">\n\t\t\t\t\t\t<div class=\"elementor-container elementor-column-gap-default\">\n\t\t\t\t\t<div class=\"elementor-column elementor-col-50 elementor-top-column elementor-element elementor-element-6c37421\" data-id=\"6c37421\" data-element_type=\"column\">\n\t\t\t<div class=\"elementor-widget-wrap elementor-element-populated\">\n\t\t\t\t\t\t\t\t<div class=\"elementor-element elementor-element-6ed4cfe elementor-widget elementor-widget-image\" data-id=\"6ed4cfe\" data-element_type=\"widget\" data-widget_type=\"image.default\">\n\t\t\t\t<div class=\"elementor-widget-container\">\n\t\t\t<style>\/*! elementor - v3.14.0 - 18-06-2023 *\/\n.elementor-widget-image{text-align:center}.elementor-widget-image a{display:inline-block}.elementor-widget-image a img[src$=\".svg\"]{width:48px}.elementor-widget-image img{vertical-align:middle;display:inline-block}<\/style>\t\t\t\t\t\t\t\t\t\t\t\t<img loading=\"lazy\" decoding=\"async\" width=\"640\" height=\"480\" src=\"https:\/\/www.prvnidve.cz\/wp-content\/uploads\/2023\/06\/355351484_122466500872295_1377547665391001084_n-1024x768.jpg\" class=\"attachment-large size-large wp-image-38\" alt=\"\" srcset=\"https:\/\/www.prvnidve.cz\/wp-content\/uploads\/2023\/06\/355351484_122466500872295_1377547665391001084_n-1024x768.jpg 1024w, https:\/\/www.prvnidve.cz\/wp-content\/uploads\/2023\/06\/355351484_122466500872295_1377547665391001084_n-300x225.jpg 300w, https:\/\/www.prvnidve.cz\/wp-content\/uploads\/2023\/06\/355351484_122466500872295_1377547665391001084_n-768x576.jpg 768w, https:\/\/www.prvnidve.cz\/wp-content\/uploads\/2023\/06\/355351484_122466500872295_1377547665391001084_n-1536x1152.jpg 1536w, https:\/\/www.prvnidve.cz\/wp-content\/uploads\/2023\/06\/355351484_122466500872295_1377547665391001084_n.jpg 2048w\" sizes=\"auto, (max-width: 640px) 100vw, 640px\" \/>\t\t\t\t\t\t\t\t\t\t\t\t\t\t\t<\/div>\n\t\t\t\t<\/div>\n\t\t\t\t\t<\/div>\n\t\t<\/div>\n\t\t\t\t<div class=\"elementor-column elementor-col-50 elementor-top-column elementor-element elementor-element-8aceb2a\" data-id=\"8aceb2a\" data-element_type=\"column\">\n\t\t\t<div class=\"elementor-widget-wrap elementor-element-populated\">\n\t\t\t\t\t\t\t\t<div class=\"elementor-element elementor-element-62d7a7d elementor-widget elementor-widget-heading\" data-id=\"62d7a7d\" data-element_type=\"widget\" data-widget_type=\"heading.default\">\n\t\t\t\t<div class=\"elementor-widget-container\">\n\t\t\t<style>\/*! elementor - v3.14.0 - 18-06-2023 *\/\n.elementor-heading-title{padding:0;margin:0;line-height:1}.elementor-widget-heading .elementor-heading-title[class*=elementor-size-]>a{color:inherit;font-size:inherit;line-height:inherit}.elementor-widget-heading .elementor-heading-title.elementor-size-small{font-size:15px}.elementor-widget-heading .elementor-heading-title.elementor-size-medium{font-size:19px}.elementor-widget-heading .elementor-heading-title.elementor-size-large{font-size:29px}.elementor-widget-heading .elementor-heading-title.elementor-size-xl{font-size:39px}.elementor-widget-heading .elementor-heading-title.elementor-size-xxl{font-size:59px}<\/style><h2 class=\"elementor-heading-title elementor-size-default\"><h2 data-elementor-setting-key=\"title\" data-pen-placeholder=\"Pi\u0161te zde...\" style=\"color: rgb(18, 41, 55); font-size: 47px; font-family: &quot;DM Serif Display&quot;, sans-serif;\"><span style=\"color: rgb(255, 76, 21); font-family: Poppins, sans-serif; font-size: 20px; font-weight: 500; background-color: rgba(110, 193, 228, 0);\">Vybaven\u00ed chatek<\/span><span style=\"color: rgb(255, 76, 21); font-family: Poppins, sans-serif; font-size: 20px; font-weight: 500; background-color: rgba(110, 193, 228, 0);\"><\/span><br><\/h2><\/h2>\t\t<\/div>\n\t\t\t\t<\/div>\n\t\t\t\t<div class=\"elementor-element elementor-element-83b8cf9 elementor-widget elementor-widget-text-editor\" data-id=\"83b8cf9\" data-element_type=\"widget\" data-widget_type=\"text-editor.default\">\n\t\t\t\t<div class=\"elementor-widget-container\">\n\t\t\t<style>\/*! elementor - v3.14.0 - 18-06-2023 *\/\n.elementor-widget-text-editor.elementor-drop-cap-view-stacked .elementor-drop-cap{background-color:#69727d;color:#fff}.elementor-widget-text-editor.elementor-drop-cap-view-framed .elementor-drop-cap{color:#69727d;border:3px solid;background-color:transparent}.elementor-widget-text-editor:not(.elementor-drop-cap-view-default) .elementor-drop-cap{margin-top:8px}.elementor-widget-text-editor:not(.elementor-drop-cap-view-default) .elementor-drop-cap-letter{width:1em;height:1em}.elementor-widget-text-editor .elementor-drop-cap{float:left;text-align:center;line-height:1;font-size:50px}.elementor-widget-text-editor .elementor-drop-cap-letter{display:inline-block}<\/style>\t\t\t\t<ul><li><span style=\"color: #000000; font-family: Arial;\">vlastn\u00ed soci\u00e1ln\u00ed za\u0159\u00edzen\u00ed<\/span><\/li><li><span style=\"color: #000000; font-family: Arial;\">man\u017eelsk\u00e1 postel<\/span><\/li><li><span style=\"color: #000000; font-family: Arial;\"> patrov\u00e1 palanda<\/span><\/li><li><span style=\"color: #000000; font-family: Arial;\">no\u010dn\u00ed stolky s lampi\u010dkou<\/span><\/li><li><span style=\"color: #000000; font-family: Arial;\"> lo\u017en\u00ed pr\u00e1dlo<\/span><\/li><li><span style=\"color: #000000; font-family: Arial;\">17cm vysok\u00e9 sedmiz\u00f3nov\u00e9 matrace 200&#215;90 cm. <\/span><\/li><li><span style=\"color: #000000; font-family: Arial;\">kuchy\u0148 s d\u0159ezem, varnou konvic\u00ed mikrovlnou troubou a topinkova\u010dem<\/span><\/li><li><span style=\"color: #000000; font-family: Arial;\">lednice<\/span><\/li><li><span style=\"color: #000000; font-family: Arial;\">j\u00eddeln\u00ed st\u016fl s \u017eidlemi a prost\u00edr\u00e1n\u00edm<\/span><\/li><li><span style=\"color: #000000; font-family: Arial;\">tal\u00ed\u0159ky, p\u0159\u00edbory, hrnky, skleni\u010dky alko\/nealko, hrnky, prk\u00e9nko, n\u016f\u017e na pe\u010divo, houbi\u010dka na n\u00e1dob\u00ed, had\u0159\u00edk, jar.<\/span><\/li><li><span style=\"color: #000000; font-family: Arial;\">odkap na boty. <\/span><\/li><li><span style=\"color: #000000; font-family: Arial;\">venkovn\u00ed terasa s n\u00e1bytkem a grilem na d\u0159ev\u011bn\u00e9 uhl\u00ed<\/span><\/li><li><span style=\"color: #000000; font-family: Arial;\">myc\u00ed a \u00faklidov\u00e9 prost\u0159edky, odpadkov\u00fd ko\u0161<\/span><\/li><\/ul>\t\t\t\t\t\t<\/div>\n\t\t\t\t<\/div>\n\t\t\t\t\t<\/div>\n\t\t<\/div>\n\t\t\t\t\t\t\t<\/div>\n\t\t<\/section>\n\t\t\t\t<section class=\"elementor-section elementor-top-section elementor-element elementor-element-08bddae elementor-section-boxed elementor-section-height-default elementor-section-height-default\" data-id=\"08bddae\" data-element_type=\"section\">\n\t\t\t\t\t\t<div class=\"elementor-container elementor-column-gap-default\">\n\t\t\t\t\t<div class=\"elementor-column elementor-col-100 elementor-top-column elementor-element elementor-element-54a5d98\" data-id=\"54a5d98\" data-element_type=\"column\">\n\t\t\t<div class=\"elementor-widget-wrap elementor-element-populated\">\n\t\t\t\t\t\t\t\t<div class=\"elementor-element elementor-element-210b07c elementor-widget elementor-widget-image-gallery\" data-id=\"210b07c\" data-element_type=\"widget\" data-widget_type=\"image-gallery.default\">\n\t\t\t\t<div class=\"elementor-widget-container\">\n\t\t\t<style>\/*! elementor - v3.14.0 - 18-06-2023 *\/\n.elementor-image-gallery .gallery-item{display:inline-block;text-align:center;vertical-align:top;width:100%;max-width:100%;margin:0 auto}.elementor-image-gallery .gallery-item img{margin:0 auto}.elementor-image-gallery .gallery-item .gallery-caption{margin:0}.elementor-image-gallery figure img{display:block}.elementor-image-gallery figure figcaption{width:100%}.gallery-spacing-custom .elementor-image-gallery .gallery-icon{padding:0}@media (min-width:768px){.elementor-image-gallery .gallery-columns-2 .gallery-item{max-width:50%}.elementor-image-gallery .gallery-columns-3 .gallery-item{max-width:33.33%}.elementor-image-gallery .gallery-columns-4 .gallery-item{max-width:25%}.elementor-image-gallery .gallery-columns-5 .gallery-item{max-width:20%}.elementor-image-gallery .gallery-columns-6 .gallery-item{max-width:16.666%}.elementor-image-gallery .gallery-columns-7 .gallery-item{max-width:14.28%}.elementor-image-gallery .gallery-columns-8 .gallery-item{max-width:12.5%}.elementor-image-gallery .gallery-columns-9 .gallery-item{max-width:11.11%}.elementor-image-gallery .gallery-columns-10 .gallery-item{max-width:10%}}@media (min-width:480px) and (max-width:767px){.elementor-image-gallery .gallery.gallery-columns-2 .gallery-item,.elementor-image-gallery .gallery.gallery-columns-3 .gallery-item,.elementor-image-gallery .gallery.gallery-columns-4 .gallery-item,.elementor-image-gallery .gallery.gallery-columns-5 .gallery-item,.elementor-image-gallery .gallery.gallery-columns-6 .gallery-item,.elementor-image-gallery .gallery.gallery-columns-7 .gallery-item,.elementor-image-gallery .gallery.gallery-columns-8 .gallery-item,.elementor-image-gallery .gallery.gallery-columns-9 .gallery-item,.elementor-image-gallery .gallery.gallery-columns-10 .gallery-item{max-width:50%}}@media (max-width:479px){.elementor-image-gallery .gallery.gallery-columns-2 .gallery-item,.elementor-image-gallery .gallery.gallery-columns-3 .gallery-item,.elementor-image-gallery .gallery.gallery-columns-4 .gallery-item,.elementor-image-gallery .gallery.gallery-columns-5 .gallery-item,.elementor-image-gallery .gallery.gallery-columns-6 .gallery-item,.elementor-image-gallery .gallery.gallery-columns-7 .gallery-item,.elementor-image-gallery .gallery.gallery-columns-8 .gallery-item,.elementor-image-gallery .gallery.gallery-columns-9 .gallery-item,.elementor-image-gallery .gallery.gallery-columns-10 .gallery-item{max-width:100%}}<\/style>\t\t<div class=\"elementor-image-gallery\">\n\t\t\t\n\t\t<style type=\"text\/css\">\n\t\t\t#gallery-1 {\n\t\t\t\tmargin: auto;\n\t\t\t}\n\t\t\t#gallery-1 .gallery-item {\n\t\t\t\tfloat: left;\n\t\t\t\tmargin-top: 10px;\n\t\t\t\ttext-align: center;\n\t\t\t\twidth: 25%;\n\t\t\t}\n\t\t\t#gallery-1 img {\n\t\t\t\tborder: 2px solid #cfcfcf;\n\t\t\t}\n\t\t\t#gallery-1 .gallery-caption {\n\t\t\t\tmargin-left: 0;\n\t\t\t}\n\t\t\t\/* see gallery_shortcode() in wp-includes\/media.php *\/\n\t\t<\/style>\n\t\t<div id='gallery-1' class='gallery galleryid-142 gallery-columns-4 gallery-size-medium_large'><dl class='gallery-item'>\n\t\t\t<dt class='gallery-icon portrait'>\n\t\t\t\t<a data-elementor-open-lightbox=\"yes\" data-elementor-lightbox-slideshow=\"210b07c\" data-elementor-lightbox-title=\"355859040_124654103986868_4851976909060611421_n\" data-e-action-hash=\"#elementor-action%3Aaction%3Dlightbox%26settings%3DeyJpZCI6NDgsInVybCI6Imh0dHBzOlwvXC93d3cucHJ2bmlkdmUuY3pcL3dwLWNvbnRlbnRcL3VwbG9hZHNcLzIwMjNcLzA2XC8zNTU4NTkwNDBfMTI0NjU0MTAzOTg2ODY4XzQ4NTE5NzY5MDkwNjA2MTE0MjFfbi5qcGciLCJzbGlkZXNob3ciOiIyMTBiMDdjIn0%3D\" href='https:\/\/www.prvnidve.cz\/wp-content\/uploads\/2023\/06\/355859040_124654103986868_4851976909060611421_n.jpg'><img loading=\"lazy\" decoding=\"async\" width=\"640\" height=\"853\" src=\"https:\/\/www.prvnidve.cz\/wp-content\/uploads\/2023\/06\/355859040_124654103986868_4851976909060611421_n-768x1024.jpg\" class=\"attachment-medium_large size-medium_large\" alt=\"\" srcset=\"https:\/\/www.prvnidve.cz\/wp-content\/uploads\/2023\/06\/355859040_124654103986868_4851976909060611421_n-768x1024.jpg 768w, https:\/\/www.prvnidve.cz\/wp-content\/uploads\/2023\/06\/355859040_124654103986868_4851976909060611421_n-225x300.jpg 225w, https:\/\/www.prvnidve.cz\/wp-content\/uploads\/2023\/06\/355859040_124654103986868_4851976909060611421_n-1152x1536.jpg 1152w, https:\/\/www.prvnidve.cz\/wp-content\/uploads\/2023\/06\/355859040_124654103986868_4851976909060611421_n.jpg 1536w\" sizes=\"auto, (max-width: 640px) 100vw, 640px\" \/><\/a>\n\t\t\t<\/dt><\/dl><dl class='gallery-item'>\n\t\t\t<dt class='gallery-icon portrait'>\n\t\t\t\t<a data-elementor-open-lightbox=\"yes\" data-elementor-lightbox-slideshow=\"210b07c\" data-elementor-lightbox-title=\"355474583_124654203986858_1065879161804601656_n\" data-e-action-hash=\"#elementor-action%3Aaction%3Dlightbox%26settings%3DeyJpZCI6NDEsInVybCI6Imh0dHBzOlwvXC93d3cucHJ2bmlkdmUuY3pcL3dwLWNvbnRlbnRcL3VwbG9hZHNcLzIwMjNcLzA2XC8zNTU0NzQ1ODNfMTI0NjU0MjAzOTg2ODU4XzEwNjU4NzkxNjE4MDQ2MDE2NTZfbi5qcGciLCJzbGlkZXNob3ciOiIyMTBiMDdjIn0%3D\" href='https:\/\/www.prvnidve.cz\/wp-content\/uploads\/2023\/06\/355474583_124654203986858_1065879161804601656_n.jpg'><img loading=\"lazy\" decoding=\"async\" width=\"640\" height=\"853\" src=\"https:\/\/www.prvnidve.cz\/wp-content\/uploads\/2023\/06\/355474583_124654203986858_1065879161804601656_n-768x1024.jpg\" class=\"attachment-medium_large size-medium_large\" alt=\"\" srcset=\"https:\/\/www.prvnidve.cz\/wp-content\/uploads\/2023\/06\/355474583_124654203986858_1065879161804601656_n-768x1024.jpg 768w, https:\/\/www.prvnidve.cz\/wp-content\/uploads\/2023\/06\/355474583_124654203986858_1065879161804601656_n-225x300.jpg 225w, https:\/\/www.prvnidve.cz\/wp-content\/uploads\/2023\/06\/355474583_124654203986858_1065879161804601656_n-1152x1536.jpg 1152w, https:\/\/www.prvnidve.cz\/wp-content\/uploads\/2023\/06\/355474583_124654203986858_1065879161804601656_n.jpg 1536w\" sizes=\"auto, (max-width: 640px) 100vw, 640px\" \/><\/a>\n\t\t\t<\/dt><\/dl><dl class='gallery-item'>\n\t\t\t<dt class='gallery-icon portrait'>\n\t\t\t\t<a data-elementor-open-lightbox=\"yes\" data-elementor-lightbox-slideshow=\"210b07c\" data-elementor-lightbox-title=\"355659590_124656867319925_429779705009653275_n\" data-e-action-hash=\"#elementor-action%3Aaction%3Dlightbox%26settings%3DeyJpZCI6NDYsInVybCI6Imh0dHBzOlwvXC93d3cucHJ2bmlkdmUuY3pcL3dwLWNvbnRlbnRcL3VwbG9hZHNcLzIwMjNcLzA2XC8zNTU2NTk1OTBfMTI0NjU2ODY3MzE5OTI1XzQyOTc3OTcwNTAwOTY1MzI3NV9uLmpwZyIsInNsaWRlc2hvdyI6IjIxMGIwN2MifQ%3D%3D\" href='https:\/\/www.prvnidve.cz\/wp-content\/uploads\/2023\/06\/355659590_124656867319925_429779705009653275_n.jpg'><img loading=\"lazy\" decoding=\"async\" width=\"640\" height=\"853\" src=\"https:\/\/www.prvnidve.cz\/wp-content\/uploads\/2023\/06\/355659590_124656867319925_429779705009653275_n-768x1024.jpg\" class=\"attachment-medium_large size-medium_large\" alt=\"\" srcset=\"https:\/\/www.prvnidve.cz\/wp-content\/uploads\/2023\/06\/355659590_124656867319925_429779705009653275_n-768x1024.jpg 768w, https:\/\/www.prvnidve.cz\/wp-content\/uploads\/2023\/06\/355659590_124656867319925_429779705009653275_n-225x300.jpg 225w, https:\/\/www.prvnidve.cz\/wp-content\/uploads\/2023\/06\/355659590_124656867319925_429779705009653275_n-1152x1536.jpg 1152w, https:\/\/www.prvnidve.cz\/wp-content\/uploads\/2023\/06\/355659590_124656867319925_429779705009653275_n.jpg 1536w\" sizes=\"auto, (max-width: 640px) 100vw, 640px\" \/><\/a>\n\t\t\t<\/dt><\/dl><dl class='gallery-item'>\n\t\t\t<dt class='gallery-icon portrait'>\n\t\t\t\t<a data-elementor-open-lightbox=\"yes\" data-elementor-lightbox-slideshow=\"210b07c\" data-elementor-lightbox-title=\"355098732_122465577539054_5367074570769043920_n\" data-e-action-hash=\"#elementor-action%3Aaction%3Dlightbox%26settings%3DeyJpZCI6MzIsInVybCI6Imh0dHBzOlwvXC93d3cucHJ2bmlkdmUuY3pcL3dwLWNvbnRlbnRcL3VwbG9hZHNcLzIwMjNcLzA2XC8zNTUwOTg3MzJfMTIyNDY1NTc3NTM5MDU0XzUzNjcwNzQ1NzA3NjkwNDM5MjBfbi5qcGciLCJzbGlkZXNob3ciOiIyMTBiMDdjIn0%3D\" href='https:\/\/www.prvnidve.cz\/wp-content\/uploads\/2023\/06\/355098732_122465577539054_5367074570769043920_n.jpg'><img loading=\"lazy\" decoding=\"async\" width=\"640\" height=\"853\" src=\"https:\/\/www.prvnidve.cz\/wp-content\/uploads\/2023\/06\/355098732_122465577539054_5367074570769043920_n-768x1023.jpg\" class=\"attachment-medium_large size-medium_large\" alt=\"\" srcset=\"https:\/\/www.prvnidve.cz\/wp-content\/uploads\/2023\/06\/355098732_122465577539054_5367074570769043920_n-768x1023.jpg 768w, https:\/\/www.prvnidve.cz\/wp-content\/uploads\/2023\/06\/355098732_122465577539054_5367074570769043920_n-225x300.jpg 225w, https:\/\/www.prvnidve.cz\/wp-content\/uploads\/2023\/06\/355098732_122465577539054_5367074570769043920_n-1153x1536.jpg 1153w, https:\/\/www.prvnidve.cz\/wp-content\/uploads\/2023\/06\/355098732_122465577539054_5367074570769043920_n.jpg 1200w\" sizes=\"auto, (max-width: 640px) 100vw, 640px\" \/><\/a>\n\t\t\t<\/dt><\/dl><br style=\"clear: both\" \/><dl class='gallery-item'>\n\t\t\t<dt class='gallery-icon landscape'>\n\t\t\t\t<a data-elementor-open-lightbox=\"yes\" data-elementor-lightbox-slideshow=\"210b07c\" data-elementor-lightbox-title=\"355475300_124653977320214_3920726610919413034_n\" data-e-action-hash=\"#elementor-action%3Aaction%3Dlightbox%26settings%3DeyJpZCI6NDIsInVybCI6Imh0dHBzOlwvXC93d3cucHJ2bmlkdmUuY3pcL3dwLWNvbnRlbnRcL3VwbG9hZHNcLzIwMjNcLzA2XC8zNTU0NzUzMDBfMTI0NjUzOTc3MzIwMjE0XzM5MjA3MjY2MTA5MTk0MTMwMzRfbi5qcGciLCJzbGlkZXNob3ciOiIyMTBiMDdjIn0%3D\" href='https:\/\/www.prvnidve.cz\/wp-content\/uploads\/2023\/06\/355475300_124653977320214_3920726610919413034_n.jpg'><img loading=\"lazy\" decoding=\"async\" width=\"640\" height=\"480\" src=\"https:\/\/www.prvnidve.cz\/wp-content\/uploads\/2023\/06\/355475300_124653977320214_3920726610919413034_n-768x576.jpg\" class=\"attachment-medium_large size-medium_large\" alt=\"\" srcset=\"https:\/\/www.prvnidve.cz\/wp-content\/uploads\/2023\/06\/355475300_124653977320214_3920726610919413034_n-768x576.jpg 768w, https:\/\/www.prvnidve.cz\/wp-content\/uploads\/2023\/06\/355475300_124653977320214_3920726610919413034_n-300x225.jpg 300w, https:\/\/www.prvnidve.cz\/wp-content\/uploads\/2023\/06\/355475300_124653977320214_3920726610919413034_n-1024x768.jpg 1024w, https:\/\/www.prvnidve.cz\/wp-content\/uploads\/2023\/06\/355475300_124653977320214_3920726610919413034_n-1536x1152.jpg 1536w, https:\/\/www.prvnidve.cz\/wp-content\/uploads\/2023\/06\/355475300_124653977320214_3920726610919413034_n.jpg 2048w\" sizes=\"auto, (max-width: 640px) 100vw, 640px\" \/><\/a>\n\t\t\t<\/dt><\/dl><dl class='gallery-item'>\n\t\t\t<dt class='gallery-icon landscape'>\n\t\t\t\t<a data-elementor-open-lightbox=\"yes\" data-elementor-lightbox-slideshow=\"210b07c\" data-elementor-lightbox-title=\"354864341_122465590872386_6462335941625718132_n\" data-e-action-hash=\"#elementor-action%3Aaction%3Dlightbox%26settings%3DeyJpZCI6MzEsInVybCI6Imh0dHBzOlwvXC93d3cucHJ2bmlkdmUuY3pcL3dwLWNvbnRlbnRcL3VwbG9hZHNcLzIwMjNcLzA2XC8zNTQ4NjQzNDFfMTIyNDY1NTkwODcyMzg2XzY0NjIzMzU5NDE2MjU3MTgxMzJfbi5qcGciLCJzbGlkZXNob3ciOiIyMTBiMDdjIn0%3D\" href='https:\/\/www.prvnidve.cz\/wp-content\/uploads\/2023\/06\/354864341_122465590872386_6462335941625718132_n.jpg'><img loading=\"lazy\" decoding=\"async\" width=\"640\" height=\"480\" src=\"https:\/\/www.prvnidve.cz\/wp-content\/uploads\/2023\/06\/354864341_122465590872386_6462335941625718132_n-768x576.jpg\" class=\"attachment-medium_large size-medium_large\" alt=\"\" srcset=\"https:\/\/www.prvnidve.cz\/wp-content\/uploads\/2023\/06\/354864341_122465590872386_6462335941625718132_n-768x576.jpg 768w, https:\/\/www.prvnidve.cz\/wp-content\/uploads\/2023\/06\/354864341_122465590872386_6462335941625718132_n-300x225.jpg 300w, https:\/\/www.prvnidve.cz\/wp-content\/uploads\/2023\/06\/354864341_122465590872386_6462335941625718132_n-1024x768.jpg 1024w, https:\/\/www.prvnidve.cz\/wp-content\/uploads\/2023\/06\/354864341_122465590872386_6462335941625718132_n-1536x1153.jpg 1536w, https:\/\/www.prvnidve.cz\/wp-content\/uploads\/2023\/06\/354864341_122465590872386_6462335941625718132_n.jpg 1599w\" sizes=\"auto, (max-width: 640px) 100vw, 640px\" \/><\/a>\n\t\t\t<\/dt><\/dl><dl class='gallery-item'>\n\t\t\t<dt class='gallery-icon landscape'>\n\t\t\t\t<a data-elementor-open-lightbox=\"yes\" data-elementor-lightbox-slideshow=\"210b07c\" data-elementor-lightbox-title=\"355307824_122466480872297_2760511511169822531_n\" data-e-action-hash=\"#elementor-action%3Aaction%3Dlightbox%26settings%3DeyJpZCI6MzcsInVybCI6Imh0dHBzOlwvXC93d3cucHJ2bmlkdmUuY3pcL3dwLWNvbnRlbnRcL3VwbG9hZHNcLzIwMjNcLzA2XC8zNTUzMDc4MjRfMTIyNDY2NDgwODcyMjk3XzI3NjA1MTE1MTExNjk4MjI1MzFfbi5qcGciLCJzbGlkZXNob3ciOiIyMTBiMDdjIn0%3D\" href='https:\/\/www.prvnidve.cz\/wp-content\/uploads\/2023\/06\/355307824_122466480872297_2760511511169822531_n.jpg'><img loading=\"lazy\" decoding=\"async\" width=\"640\" height=\"480\" src=\"https:\/\/www.prvnidve.cz\/wp-content\/uploads\/2023\/06\/355307824_122466480872297_2760511511169822531_n-768x576.jpg\" class=\"attachment-medium_large size-medium_large\" alt=\"\" srcset=\"https:\/\/www.prvnidve.cz\/wp-content\/uploads\/2023\/06\/355307824_122466480872297_2760511511169822531_n-768x576.jpg 768w, https:\/\/www.prvnidve.cz\/wp-content\/uploads\/2023\/06\/355307824_122466480872297_2760511511169822531_n-300x225.jpg 300w, https:\/\/www.prvnidve.cz\/wp-content\/uploads\/2023\/06\/355307824_122466480872297_2760511511169822531_n-1024x768.jpg 1024w, https:\/\/www.prvnidve.cz\/wp-content\/uploads\/2023\/06\/355307824_122466480872297_2760511511169822531_n-1536x1152.jpg 1536w, https:\/\/www.prvnidve.cz\/wp-content\/uploads\/2023\/06\/355307824_122466480872297_2760511511169822531_n.jpg 2048w\" sizes=\"auto, (max-width: 640px) 100vw, 640px\" \/><\/a>\n\t\t\t<\/dt><\/dl><dl class='gallery-item'>\n\t\t\t<dt class='gallery-icon landscape'>\n\t\t\t\t<a data-elementor-open-lightbox=\"yes\" data-elementor-lightbox-slideshow=\"210b07c\" data-elementor-lightbox-title=\"355662947_124654083986870_7473358892522969522_n\" data-e-action-hash=\"#elementor-action%3Aaction%3Dlightbox%26settings%3DeyJpZCI6NDcsInVybCI6Imh0dHBzOlwvXC93d3cucHJ2bmlkdmUuY3pcL3dwLWNvbnRlbnRcL3VwbG9hZHNcLzIwMjNcLzA2XC8zNTU2NjI5NDdfMTI0NjU0MDgzOTg2ODcwXzc0NzMzNTg4OTI1MjI5Njk1MjJfbi5qcGciLCJzbGlkZXNob3ciOiIyMTBiMDdjIn0%3D\" href='https:\/\/www.prvnidve.cz\/wp-content\/uploads\/2023\/06\/355662947_124654083986870_7473358892522969522_n.jpg'><img loading=\"lazy\" decoding=\"async\" width=\"640\" height=\"480\" src=\"https:\/\/www.prvnidve.cz\/wp-content\/uploads\/2023\/06\/355662947_124654083986870_7473358892522969522_n-768x576.jpg\" class=\"attachment-medium_large size-medium_large\" alt=\"\" srcset=\"https:\/\/www.prvnidve.cz\/wp-content\/uploads\/2023\/06\/355662947_124654083986870_7473358892522969522_n-768x576.jpg 768w, https:\/\/www.prvnidve.cz\/wp-content\/uploads\/2023\/06\/355662947_124654083986870_7473358892522969522_n-300x225.jpg 300w, https:\/\/www.prvnidve.cz\/wp-content\/uploads\/2023\/06\/355662947_124654083986870_7473358892522969522_n-1024x768.jpg 1024w, https:\/\/www.prvnidve.cz\/wp-content\/uploads\/2023\/06\/355662947_124654083986870_7473358892522969522_n-1536x1152.jpg 1536w, https:\/\/www.prvnidve.cz\/wp-content\/uploads\/2023\/06\/355662947_124654083986870_7473358892522969522_n.jpg 2048w\" sizes=\"auto, (max-width: 640px) 100vw, 640px\" \/><\/a>\n\t\t\t<\/dt><\/dl><br style=\"clear: both\" \/>\n\t\t<\/div>\n\t\t<\/div>\n\t\t\t\t<\/div>\n\t\t\t\t<\/div>\n\t\t\t\t<div class=\"elementor-element elementor-element-d755a62 elementor-mobile-align-center elementor-align-center elementor-widget elementor-widget-button\" data-id=\"d755a62\" data-element_type=\"widget\" data-widget_type=\"button.default\">\n\t\t\t\t<div class=\"elementor-widget-container\">\n\t\t\t\t\t<div class=\"elementor-button-wrapper\">\n\t\t\t<a class=\"elementor-button elementor-button-link elementor-size-sm\" href=\"https:\/\/www.prvnidve.cz\/?page_id=121\">\n\t\t\t\t\t\t<span class=\"elementor-button-content-wrapper\">\n\t\t\t\t\t\t<span class=\"elementor-button-text\">REZERVACE<\/span>\n\t\t<\/span>\n\t\t\t\t\t<\/a>\n\t\t<\/div>\n\t\t\t\t<\/div>\n\t\t\t\t<\/div>\n\t\t\t\t\t<\/div>\n\t\t<\/div>\n\t\t\t\t\t\t\t<\/div>\n\t\t<\/section>\n\t\t\t\t<section class=\"elementor-section elementor-top-section elementor-element elementor-element-3a87b24 elementor-section-boxed elementor-section-height-default elementor-section-height-default\" data-id=\"3a87b24\" data-element_type=\"section\">\n\t\t\t\t\t\t<div class=\"elementor-container elementor-column-gap-default\">\n\t\t\t\t\t<div class=\"elementor-column elementor-col-100 elementor-top-column elementor-element elementor-element-2c273c0\" data-id=\"2c273c0\" data-element_type=\"column\">\n\t\t\t<div class=\"elementor-widget-wrap\">\n\t\t\t\t\t\t\t\t\t<\/div>\n\t\t<\/div>\n\t\t\t\t\t\t\t<\/div>\n\t\t<\/section>\n\t\t\t\t\t\t\t<\/div>\n\t\t","protected":false},"excerpt":{"rendered":"<p>Vybaven\u00ed chatek vlastn\u00ed soci\u00e1ln\u00ed za\u0159\u00edzen\u00ed man\u017eelsk\u00e1 postel patrov\u00e1 palanda no\u010dn\u00ed stolky s lampi\u010dkou lo\u017en\u00ed pr\u00e1dlo 17cm vysok\u00e9 sedmiz\u00f3nov\u00e9 matrace 200&#215;90 cm. kuchy\u0148 s d\u0159ezem, varnou [&hellip;]<\/p>\n","protected":false},"author":1,"featured_media":0,"parent":0,"menu_order":0,"comment_status":"closed","ping_status":"closed","template":"elementor_header_footer","meta":{"footnotes":""},"class_list":["post-142","page","type-page","status-publish","hentry"],"_links":{"self":[{"href":"https:\/\/www.prvnidve.cz\/index.php?rest_route=\/wp\/v2\/pages\/142","targetHints":{"allow":["GET"]}}],"collection":[{"href":"https:\/\/www.prvnidve.cz\/index.php?rest_route=\/wp\/v2\/pages"}],"about":[{"href":"https:\/\/www.prvnidve.cz\/index.php?rest_route=\/wp\/v2\/types\/page"}],"author":[{"embeddable":true,"href":"https:\/\/www.prvnidve.cz\/index.php?rest_route=\/wp\/v2\/users\/1"}],"replies":[{"embeddable":true,"href":"https:\/\/www.prvnidve.cz\/index.php?rest_route=%2Fwp%2Fv2%2Fcomments&post=142"}],"version-history":[{"count":43,"href":"https:\/\/www.prvnidve.cz\/index.php?rest_route=\/wp\/v2\/pages\/142\/revisions"}],"predecessor-version":[{"id":712,"href":"https:\/\/www.prvnidve.cz\/index.php?rest_route=\/wp\/v2\/pages\/142\/revisions\/712"}],"wp:attachment":[{"href":"https:\/\/www.prvnidve.cz\/index.php?rest_route=%2Fwp%2Fv2%2Fmedia&parent=142"}],"curies":[{"name":"wp","href":"https:\/\/api.w.org\/{rel}","templated":true}]}}