{"id":140,"date":"2023-06-23T22:08:06","date_gmt":"2023-06-23T22:08:06","guid":{"rendered":"https:\/\/www.prvnidve.cz\/?page_id=140"},"modified":"2025-10-14T08:32:25","modified_gmt":"2025-10-14T08:32:25","slug":"cenik","status":"publish","type":"page","link":"https:\/\/www.prvnidve.cz\/?page_id=140","title":{"rendered":"Cen\u00edk"},"content":{"rendered":"\t\t<div data-elementor-type=\"wp-page\" data-elementor-id=\"140\" class=\"elementor elementor-140\">\n\t\t\t\t\t\t\t\t\t<section class=\"elementor-section elementor-top-section elementor-element elementor-element-413425e elementor-section-boxed elementor-section-height-default elementor-section-height-default\" data-id=\"413425e\" data-element_type=\"section\">\n\t\t\t\t\t\t<div class=\"elementor-container elementor-column-gap-default\">\n\t\t\t\t\t<div class=\"elementor-column elementor-col-100 elementor-top-column elementor-element elementor-element-c04bc6c\" data-id=\"c04bc6c\" data-element_type=\"column\">\n\t\t\t<div class=\"elementor-widget-wrap elementor-element-populated\">\n\t\t\t\t\t\t\t\t<div class=\"elementor-element elementor-element-1816930 elementor-widget elementor-widget-text-editor\" data-id=\"1816930\" data-element_type=\"widget\" data-widget_type=\"text-editor.default\">\n\t\t\t\t<div class=\"elementor-widget-container\">\n\t\t\t<style>\/*! elementor - v3.14.0 - 18-06-2023 *\/\n.elementor-widget-text-editor.elementor-drop-cap-view-stacked .elementor-drop-cap{background-color:#69727d;color:#fff}.elementor-widget-text-editor.elementor-drop-cap-view-framed .elementor-drop-cap{color:#69727d;border:3px solid;background-color:transparent}.elementor-widget-text-editor:not(.elementor-drop-cap-view-default) .elementor-drop-cap{margin-top:8px}.elementor-widget-text-editor:not(.elementor-drop-cap-view-default) .elementor-drop-cap-letter{width:1em;height:1em}.elementor-widget-text-editor .elementor-drop-cap{float:left;text-align:center;line-height:1;font-size:50px}.elementor-widget-text-editor .elementor-drop-cap-letter{display:inline-block}<\/style>\t\t\t\t\t\t\t\t\t\t<\/div>\n\t\t\t\t<\/div>\n\t\t\t\t\t<\/div>\n\t\t<\/div>\n\t\t\t\t\t\t\t<\/div>\n\t\t<\/section>\n\t\t\t\t<section class=\"elementor-section elementor-top-section elementor-element elementor-element-ebaaf32 elementor-section-boxed elementor-section-height-default elementor-section-height-default\" data-id=\"ebaaf32\" data-element_type=\"section\">\n\t\t\t\t\t\t<div class=\"elementor-container elementor-column-gap-default\">\n\t\t\t\t\t<div class=\"elementor-column elementor-col-100 elementor-top-column elementor-element elementor-element-1384bcf\" data-id=\"1384bcf\" data-element_type=\"column\">\n\t\t\t<div class=\"elementor-widget-wrap elementor-element-populated\">\n\t\t\t\t\t\t\t\t<div class=\"elementor-element elementor-element-d6d8e58 elementor-widget elementor-widget-text-editor\" data-id=\"d6d8e58\" data-element_type=\"widget\" data-widget_type=\"text-editor.default\">\n\t\t\t\t<div class=\"elementor-widget-container\">\n\t\t\t\t\t\t\t\t\t\t\t\t\t<\/div>\n\t\t\t\t<\/div>\n\t\t\t\t\t<\/div>\n\t\t<\/div>\n\t\t\t\t\t\t\t<\/div>\n\t\t<\/section>\n\t\t\t\t<section class=\"elementor-section elementor-top-section elementor-element elementor-element-2c0367d elementor-section-boxed elementor-section-height-default elementor-section-height-default\" data-id=\"2c0367d\" data-element_type=\"section\">\n\t\t\t\t\t\t<div class=\"elementor-container elementor-column-gap-default\">\n\t\t\t\t\t<div class=\"elementor-column elementor-col-50 elementor-top-column elementor-element elementor-element-1fc5077\" data-id=\"1fc5077\" data-element_type=\"column\" data-settings=\"{&quot;background_background&quot;:&quot;classic&quot;}\">\n\t\t\t<div class=\"elementor-widget-wrap elementor-element-populated\">\n\t\t\t\t\t\t\t\t<div class=\"elementor-element elementor-element-42ffa3f elementor-widget elementor-widget-heading\" data-id=\"42ffa3f\" data-element_type=\"widget\" data-widget_type=\"heading.default\">\n\t\t\t\t<div class=\"elementor-widget-container\">\n\t\t\t<style>\/*! elementor - v3.14.0 - 18-06-2023 *\/\n.elementor-heading-title{padding:0;margin:0;line-height:1}.elementor-widget-heading .elementor-heading-title[class*=elementor-size-]>a{color:inherit;font-size:inherit;line-height:inherit}.elementor-widget-heading .elementor-heading-title.elementor-size-small{font-size:15px}.elementor-widget-heading .elementor-heading-title.elementor-size-medium{font-size:19px}.elementor-widget-heading .elementor-heading-title.elementor-size-large{font-size:29px}.elementor-widget-heading .elementor-heading-title.elementor-size-xl{font-size:39px}.elementor-widget-heading .elementor-heading-title.elementor-size-xxl{font-size:59px}<\/style><h2 class=\"elementor-heading-title elementor-size-default\">UBYTOV\u00c1N\u00cd V SEZ\u00d3N\u011a<\/h2>\t\t<\/div>\n\t\t\t\t<\/div>\n\t\t\t\t<div class=\"elementor-element elementor-element-8870a3a elementor-widget elementor-widget-spacer\" data-id=\"8870a3a\" data-element_type=\"widget\" data-widget_type=\"spacer.default\">\n\t\t\t\t<div class=\"elementor-widget-container\">\n\t\t\t<style>\/*! elementor - v3.14.0 - 18-06-2023 *\/\n.elementor-column .elementor-spacer-inner{height:var(--spacer-size)}.e-con{--container-widget-width:100%}.e-con-inner>.elementor-widget-spacer,.e-con>.elementor-widget-spacer{width:var(--container-widget-width,var(--spacer-size));--align-self:var(--container-widget-align-self,initial);--flex-shrink:0}.e-con-inner>.elementor-widget-spacer>.elementor-widget-container,.e-con-inner>.elementor-widget-spacer>.elementor-widget-container>.elementor-spacer,.e-con>.elementor-widget-spacer>.elementor-widget-container,.e-con>.elementor-widget-spacer>.elementor-widget-container>.elementor-spacer{height:100%}.e-con-inner>.elementor-widget-spacer>.elementor-widget-container>.elementor-spacer>.elementor-spacer-inner,.e-con>.elementor-widget-spacer>.elementor-widget-container>.elementor-spacer>.elementor-spacer-inner{height:var(--container-widget-height,var(--spacer-size))}<\/style>\t\t<div class=\"elementor-spacer\">\n\t\t\t<div class=\"elementor-spacer-inner\"><\/div>\n\t\t<\/div>\n\t\t\t\t<\/div>\n\t\t\t\t<\/div>\n\t\t\t\t<div class=\"elementor-element elementor-element-8a3ecb7 elementor-widget elementor-widget-text-editor\" data-id=\"8a3ecb7\" data-element_type=\"widget\" data-widget_type=\"text-editor.default\">\n\t\t\t\t<div class=\"elementor-widget-container\">\n\t\t\t\t\t\t\t<div>\u00a0<strong style=\"font-family: var( --e-global-typography-text-font-family ), Sans-serif;\">LETN\u00cd SEZ\u00d3NA:<\/strong><span style=\"font-family: var( --e-global-typography-text-font-family ), Sans-serif; font-weight: var( --e-global-typography-text-font-weight );\"> od 1. \u010dervence do 31. sprna<\/span><\/div><ul><li>14 000 K\u010d \/ t\u00fdden &#8211; <b>cena je v\u010detn\u011b v\u0161ech poplatk\u016f a parkov\u00e1n\u00ed!!<\/b><\/li><li>PREFERUJEME\u00a0 T\u00ddDENN\u00cd TURNUSY, min. 3 dny, v\u00edkend 6.000,- K\u010d.<\/li><li>kapacita\u00a02\u00a0a\u017e 16 osob &#8211; 4 chatky \/ 6 lo\u017enic.<\/li><li><span style=\"color: #000000; font-family: Arial; text-align: center;\">C<\/span><span style=\"color: #000000; font-family: Arial; text-align: center;\">hatku si v\u017edy pronaj\u00edm\u00e1te celou jen pro sebe.<\/span><\/li><li>Kauce na \u0161kody (vratn\u00e1 z\u00e1loha): 2000,- K\u010d\/pobyt.<\/li><li>Tato kauce je splatn\u00e1 do 3 pracovn\u00edch dn\u016f, po p\u0159ed\u00e1n\u00ed chaty.<\/li><li>Povle\u010den\u00ed, ru\u010dn\u00edky jsou k dispozici zdarma.<\/li><\/ul><div><span style=\"text-decoration: underline;\"><a href=\"https:\/\/www.prvnidve.cz\/?page_id=115\">Platebn\u00ed podm\u00ednky a storno poplatky<\/a><\/span><\/div>\t\t\t\t\t\t<\/div>\n\t\t\t\t<\/div>\n\t\t\t\t\t<\/div>\n\t\t<\/div>\n\t\t\t\t<div class=\"elementor-column elementor-col-50 elementor-top-column elementor-element elementor-element-38e3d2e\" data-id=\"38e3d2e\" data-element_type=\"column\">\n\t\t\t<div class=\"elementor-widget-wrap elementor-element-populated\">\n\t\t\t\t\t\t\t\t<div class=\"elementor-element elementor-element-5e80ea6 elementor-widget elementor-widget-heading\" data-id=\"5e80ea6\" data-element_type=\"widget\" data-widget_type=\"heading.default\">\n\t\t\t\t<div class=\"elementor-widget-container\">\n\t\t\t<h2 class=\"elementor-heading-title elementor-size-default\">UBYTOV\u00c1N\u00cd MIMO SEZ\u00d3NU<\/h2>\t\t<\/div>\n\t\t\t\t<\/div>\n\t\t\t\t<div class=\"elementor-element elementor-element-8793c67 elementor-widget elementor-widget-spacer\" data-id=\"8793c67\" data-element_type=\"widget\" data-widget_type=\"spacer.default\">\n\t\t\t\t<div class=\"elementor-widget-container\">\n\t\t\t\t\t<div class=\"elementor-spacer\">\n\t\t\t<div class=\"elementor-spacer-inner\"><\/div>\n\t\t<\/div>\n\t\t\t\t<\/div>\n\t\t\t\t<\/div>\n\t\t\t\t<div class=\"elementor-element elementor-element-d515c59 elementor-widget elementor-widget-text-editor\" data-id=\"d515c59\" data-element_type=\"widget\" data-widget_type=\"text-editor.default\">\n\t\t\t\t<div class=\"elementor-widget-container\">\n\t\t\t\t\t\t\t<ul><li>9 800 K\u010d \/ t\u00fdden<\/li><li>2 000 K\u010d \/ noc<\/li><li>Ubytov\u00e1n\u00ed minim\u00e1ln\u011b na<strong> 2 noci.<\/strong><\/li><li>kapacita\u00a02\u00a0a\u017e 16 osob &#8211; 4 chatky \/ 6 lo\u017enic.<\/li><li><span style=\"color: #000000; font-family: Arial; text-align: center;\">C<\/span><span style=\"color: #000000; font-family: Arial; text-align: center;\">hatku si v\u017edy pronaj\u00edm\u00e1te celou jen pro sebe.<\/span><\/li><li>Kauce na \u0161kody (vratn\u00e1 z\u00e1loha): 2000,- K\u010d\/pobyt.\u00a0<\/li><li>Tato kauce je splatn\u00e1 do 3 pracovn\u00edch dn\u016f, po p\u0159ed\u00e1n\u00ed chaty.<\/li><li>Povle\u010den\u00ed, ru\u010dn\u00edky jsou k dispozici zdarma.<\/li><\/ul><p><span style=\"text-decoration: underline;\"><a href=\"https:\/\/www.prvnidve.cz\/?page_id=115\">Platebn\u00ed podm\u00ednky a storno poplatky<\/a><\/span><\/p>\t\t\t\t\t\t<\/div>\n\t\t\t\t<\/div>\n\t\t\t\t\t<\/div>\n\t\t<\/div>\n\t\t\t\t\t\t\t<\/div>\n\t\t<\/section>\n\t\t\t\t<section class=\"elementor-section elementor-top-section elementor-element elementor-element-a7938ec elementor-section-boxed elementor-section-height-default elementor-section-height-default\" data-id=\"a7938ec\" data-element_type=\"section\">\n\t\t\t\t\t\t<div class=\"elementor-container elementor-column-gap-default\">\n\t\t\t\t\t<div class=\"elementor-column elementor-col-100 elementor-top-column elementor-element elementor-element-7bfa2d3\" data-id=\"7bfa2d3\" data-element_type=\"column\">\n\t\t\t<div class=\"elementor-widget-wrap elementor-element-populated\">\n\t\t\t\t\t\t\t\t<div class=\"elementor-element elementor-element-a44ed70 elementor-align-center elementor-widget elementor-widget-button\" data-id=\"a44ed70\" data-element_type=\"widget\" data-widget_type=\"button.default\">\n\t\t\t\t<div class=\"elementor-widget-container\">\n\t\t\t\t\t<div class=\"elementor-button-wrapper\">\n\t\t\t<a class=\"elementor-button elementor-button-link elementor-size-sm\" href=\"https:\/\/www.prvnidve.cz\/?page_id=121\">\n\t\t\t\t\t\t<span class=\"elementor-button-content-wrapper\">\n\t\t\t\t\t\t<span class=\"elementor-button-text\">REZERVACE UBYTOV\u00c1N\u00cd<\/span>\n\t\t<\/span>\n\t\t\t\t\t<\/a>\n\t\t<\/div>\n\t\t\t\t<\/div>\n\t\t\t\t<\/div>\n\t\t\t\t\t<\/div>\n\t\t<\/div>\n\t\t\t\t\t\t\t<\/div>\n\t\t<\/section>\n\t\t\t\t\t\t\t<\/div>\n\t\t","protected":false},"excerpt":{"rendered":"<p>UBYTOV\u00c1N\u00cd V SEZ\u00d3N\u011a \u00a0LETN\u00cd SEZ\u00d3NA: od 1. \u010dervence do 31. sprna 14 000 K\u010d \/ t\u00fdden &#8211; cena je v\u010detn\u011b v\u0161ech poplatk\u016f a parkov\u00e1n\u00ed!! PREFERUJEME\u00a0 [&hellip;]<\/p>\n","protected":false},"author":1,"featured_media":0,"parent":0,"menu_order":0,"comment_status":"closed","ping_status":"closed","template":"elementor_header_footer","meta":{"footnotes":""},"class_list":["post-140","page","type-page","status-publish","hentry"],"_links":{"self":[{"href":"https:\/\/www.prvnidve.cz\/index.php?rest_route=\/wp\/v2\/pages\/140","targetHints":{"allow":["GET"]}}],"collection":[{"href":"https:\/\/www.prvnidve.cz\/index.php?rest_route=\/wp\/v2\/pages"}],"about":[{"href":"https:\/\/www.prvnidve.cz\/index.php?rest_route=\/wp\/v2\/types\/page"}],"author":[{"embeddable":true,"href":"https:\/\/www.prvnidve.cz\/index.php?rest_route=\/wp\/v2\/users\/1"}],"replies":[{"embeddable":true,"href":"https:\/\/www.prvnidve.cz\/index.php?rest_route=%2Fwp%2Fv2%2Fcomments&post=140"}],"version-history":[{"count":70,"href":"https:\/\/www.prvnidve.cz\/index.php?rest_route=\/wp\/v2\/pages\/140\/revisions"}],"predecessor-version":[{"id":687,"href":"https:\/\/www.prvnidve.cz\/index.php?rest_route=\/wp\/v2\/pages\/140\/revisions\/687"}],"wp:attachment":[{"href":"https:\/\/www.prvnidve.cz\/index.php?rest_route=%2Fwp%2Fv2%2Fmedia&parent=140"}],"curies":[{"name":"wp","href":"https:\/\/api.w.org\/{rel}","templated":true}]}}